{"id":5365,"date":"2015-05-11T06:24:14","date_gmt":"2015-05-11T06:24:14","guid":{"rendered":"http:\/\/grandrose.ee\/lv\/restorans\/broneeri-laud\/"},"modified":"2018-01-08T14:55:37","modified_gmt":"2018-01-08T14:55:37","slug":"rezervet-galdinu","status":"publish","type":"page","link":"https:\/\/grandrose.ee\/lv\/restorans\/rezervet-galdinu\/","title":{"rendered":"Rezerv\u0113t galdi\u0146u"},"content":{"rendered":"<script type=\"text\/javascript\">\n\/* <![CDATA[ *\/\nvar gform;gform||(document.addEventListener(\"gform_main_scripts_loaded\",function(){gform.scriptsLoaded=!0}),document.addEventListener(\"gform\/theme\/scripts_loaded\",function(){gform.themeScriptsLoaded=!0}),window.addEventListener(\"DOMContentLoaded\",function(){gform.domLoaded=!0}),gform={domLoaded:!1,scriptsLoaded:!1,themeScriptsLoaded:!1,isFormEditor:()=>\"function\"==typeof InitializeEditor,callIfLoaded:function(o){return!(!gform.domLoaded||!gform.scriptsLoaded||!gform.themeScriptsLoaded&&!gform.isFormEditor()||(gform.isFormEditor()&&console.warn(\"The use of gform.initializeOnLoaded() is deprecated in the form editor context and will be removed in Gravity Forms 3.1.\"),o(),0))},initializeOnLoaded:function(o){gform.callIfLoaded(o)||(document.addEventListener(\"gform_main_scripts_loaded\",()=>{gform.scriptsLoaded=!0,gform.callIfLoaded(o)}),document.addEventListener(\"gform\/theme\/scripts_loaded\",()=>{gform.themeScriptsLoaded=!0,gform.callIfLoaded(o)}),window.addEventListener(\"DOMContentLoaded\",()=>{gform.domLoaded=!0,gform.callIfLoaded(o)}))},hooks:{action:{},filter:{}},addAction:function(o,r,e,t){gform.addHook(\"action\",o,r,e,t)},addFilter:function(o,r,e,t){gform.addHook(\"filter\",o,r,e,t)},doAction:function(o){gform.doHook(\"action\",o,arguments)},applyFilters:function(o){return gform.doHook(\"filter\",o,arguments)},removeAction:function(o,r){gform.removeHook(\"action\",o,r)},removeFilter:function(o,r,e){gform.removeHook(\"filter\",o,r,e)},addHook:function(o,r,e,t,n){null==gform.hooks[o][r]&&(gform.hooks[o][r]=[]);var d=gform.hooks[o][r];null==n&&(n=r+\"_\"+d.length),gform.hooks[o][r].push({tag:n,callable:e,priority:t=null==t?10:t})},doHook:function(r,o,e){var t;if(e=Array.prototype.slice.call(e,1),null!=gform.hooks[r][o]&&((o=gform.hooks[r][o]).sort(function(o,r){return o.priority-r.priority}),o.forEach(function(o){\"function\"!=typeof(t=o.callable)&&(t=window[t]),\"action\"==r?t.apply(null,e):e[0]=t.apply(null,e)})),\"filter\"==r)return e[0]},removeHook:function(o,r,t,n){var e;null!=gform.hooks[o][r]&&(e=(e=gform.hooks[o][r]).filter(function(o,r,e){return!!(null!=n&&n!=o.tag||null!=t&&t!=o.priority)}),gform.hooks[o][r]=e)}});\n\/* ]]> *\/\n<\/script>\n\n                <div class='gf_browser_gecko gform_wrapper gform_legacy_markup_wrapper gform-theme--no-framework' data-form-theme='legacy' data-form-index='0' id='gform_wrapper_46' ><div id='gf_46' class='gform_anchor' tabindex='-1'><\/div><form method='post' enctype='multipart\/form-data' target='gform_ajax_frame_46' id='gform_46'  action='\/lv\/wp-json\/wp\/v2\/pages\/5365#gf_46' data-formid='46' novalidate>\n                        <div class='gform-body gform_body'><ul id='gform_fields_46' class='gform_fields top_label form_sublabel_below description_below validation_below'><li id=\"field_46_1\" class=\"gfield gfield--type-text gfield--input-type-text gf_left_half gfield_contains_required field_sublabel_below gfield--no-description field_description_below field_validation_below gfield_visibility_visible\"  data-js-reload=\"field_46_1\" ><label class='gfield_label gform-field-label' for='input_46_1'>V\u0101rds<span class=\"gfield_required\"><span class=\"gfield_required gfield_required_asterisk\">*<\/span><\/span><\/label><div class='ginput_container ginput_container_text'><input name='input_1' id='input_46_1' type='text' value='' class='medium'     aria-required=\"true\" aria-invalid=\"false\"   \/><\/div><\/li><li id=\"field_46_2\" class=\"gfield gfield--type-text gfield--input-type-text gf_right_half gfield_contains_required field_sublabel_below gfield--no-description field_description_below field_validation_below gfield_visibility_visible\"  data-js-reload=\"field_46_2\" ><label class='gfield_label gform-field-label' for='input_46_2'>Uzv\u0101rds<span class=\"gfield_required\"><span class=\"gfield_required gfield_required_asterisk\">*<\/span><\/span><\/label><div class='ginput_container ginput_container_text'><input name='input_2' id='input_46_2' type='text' value='' class='medium'     aria-required=\"true\" aria-invalid=\"false\"   \/><\/div><\/li><li id=\"field_46_3\" class=\"gfield gfield--type-date gfield--input-type-date gfield--input-type-datepicker gfield--datepicker-default-icon gf_left_half gfield_contains_required field_sublabel_below gfield--no-description field_description_below field_validation_below gfield_visibility_visible\"  data-js-reload=\"field_46_3\" ><label class='gfield_label gform-field-label' for='input_46_3'>Datums<span class=\"gfield_required\"><span class=\"gfield_required gfield_required_asterisk\">*<\/span><\/span><\/label><div class='ginput_container ginput_container_date'>\n                            <input name='input_3' id='input_46_3' type='text' value='' class='datepicker gform-datepicker dmy datepicker_with_icon gdatepicker_with_icon'   placeholder='dd\/mm\/yyyy' aria-describedby=\"input_46_3_date_format\" aria-invalid=\"false\" aria-required=\"true\"\/>\n                            <span id='input_46_3_date_format' class='screen-reader-text'>DD slash MM slash YYYY<\/span>\n                        <\/div>\n                        <input type='hidden' id='gforms_calendar_icon_input_46_3' class='gform_hidden' value='https:\/\/grandrose.ee\/wp-content\/plugins\/gravityforms\/images\/datepicker\/datepicker.svg'\/><\/li><li id=\"field_46_4\" class=\"gfield gfield--type-time gfield--input-type-time gf_right_half gfield_contains_required field_sublabel_below gfield--no-description field_description_below field_validation_below gfield_visibility_visible\"  data-js-reload=\"field_46_4\" ><label class='gfield_label gform-field-label gfield_label_before_complex' >Laiks<span class=\"gfield_required\"><span class=\"gfield_required gfield_required_asterisk\">*<\/span><\/span><\/label><div class=\"ginput_container ginput_complex gform-grid-row\"><div class=\"clear-multi\">\n                        <div class='gfield_time_hour ginput_container ginput_container_time gform-grid-col' id='input_46_4'>\n                            <input type='number' maxlength='2' name='input_4[]' id='input_46_4_1' value=''  min='0' max='24' step='1'  placeholder='HH' aria-required='true'   \/> <i>:<\/i>\n                            <label class='gform-field-label gform-field-label--type-sub hour_label' for='input_46_4_1'>Stunda<\/label>\n                        <\/div>\n                        \n                        <div class='gfield_time_minute ginput_container ginput_container_time gform-grid-col'>\n                            <input type='number' maxlength='2' name='input_4[]' id='input_46_4_2' value=''  min='0' max='59' step='1'  placeholder='MM' aria-required='true'  \/>\n                            <label class='gform-field-label gform-field-label--type-sub minute_label' for='input_46_4_2'>Min\u016btes<\/label>\n                        <\/div>\n                        \n                    <\/div><\/div><\/li><li id=\"field_46_5\" class=\"gfield gfield--type-phone gfield--input-type-phone gf_left_half gfield_contains_required field_sublabel_below gfield--no-description field_description_below field_validation_below gfield_visibility_visible\"  data-js-reload=\"field_46_5\" ><label class='gfield_label gform-field-label' for='input_46_5'>Kontaktt\u0101lrunis<span class=\"gfield_required\"><span class=\"gfield_required gfield_required_asterisk\">*<\/span><\/span><\/label><div class='ginput_container ginput_container_phone'><input name='input_5' id='input_46_5' type='tel' value='' class='medium'   aria-required=\"true\" aria-invalid=\"false\"   \/><\/div><\/li><li id=\"field_46_6\" class=\"gfield gfield--type-email gfield--input-type-email gf_right_half gfield_contains_required field_sublabel_below gfield--no-description field_description_below field_validation_below gfield_visibility_visible\"  data-js-reload=\"field_46_6\" ><label class='gfield_label gform-field-label' for='input_46_6'>E-pasta adrese<span class=\"gfield_required\"><span class=\"gfield_required gfield_required_asterisk\">*<\/span><\/span><\/label><div class='ginput_container ginput_container_email'>\n                            <input name='input_6' id='input_46_6' type='email' value='' class='medium'    aria-required=\"true\" aria-invalid=\"false\"  \/>\n                        <\/div><\/li><li id=\"field_46_8\" class=\"gfield gfield--type-number gfield--input-type-number gf_left_half gfield_contains_required field_sublabel_below gfield--no-description field_description_below field_validation_below gfield_visibility_visible\"  data-js-reload=\"field_46_8\" ><label class='gfield_label gform-field-label' for='input_46_8'>Cik person\u0101m v\u0113laties rezerv\u0113t galdi\u0146u<span class=\"gfield_required\"><span class=\"gfield_required gfield_required_asterisk\">*<\/span><\/span><\/label><div class='ginput_container ginput_container_number'><input name='input_8' id='input_46_8' type='number' step='any'   value='' class='medium'     aria-required=\"true\" aria-invalid=\"false\"  \/><\/div><\/li><li id=\"field_46_9\" class=\"gfield gfield--type-select gfield--input-type-select gf_right_half gfield_contains_required field_sublabel_below gfield--no-description field_description_below field_validation_below gfield_visibility_visible\"  data-js-reload=\"field_46_9\" ><label class='gfield_label gform-field-label' for='input_46_9'>Kur v\u0113laties rezerv\u0113t galdi\u0146u<span class=\"gfield_required\"><span class=\"gfield_required gfield_required_asterisk\">*<\/span><\/span><\/label><div class='ginput_container ginput_container_select'><select name='input_9' id='input_46_9' class='medium gfield_select'    aria-required=\"true\" aria-invalid=\"false\" ><option value='Vasaras terase' >Vasaras terase<\/option><option value='Restor\u0101ns' >Restor\u0101ns<\/option><\/select><\/div><\/li><li id=\"field_46_7\" class=\"gfield gfield--type-textarea gfield--input-type-textarea field_sublabel_below gfield--no-description field_description_below field_validation_below gfield_visibility_visible\"  data-js-reload=\"field_46_7\" ><label class='gfield_label gform-field-label' for='input_46_7'>\u012apa\u0161as v\u0113lmes<\/label><div class='ginput_container ginput_container_textarea'><textarea name='input_7' id='input_46_7' class='textarea medium'      aria-invalid=\"false\"   rows='10' cols='50'><\/textarea><\/div><\/li><li id=\"field_46_10\" class=\"gfield gfield--type-captcha gfield--input-type-captcha field_sublabel_below gfield--no-description field_description_below field_validation_below gfield_visibility_visible\"  data-js-reload=\"field_46_10\" ><label class='gfield_label gform-field-label' for='input_46_10'>CAPTCHA<\/label><div id='input_46_10' class='ginput_container ginput_recaptcha' data-sitekey='6LezHXYrAAAAACLahIvBvs_YWU-mQwsLPE2gLtYy'  data-theme='light' data-tabindex='-1' data-size='invisible' data-badge='bottomright'><\/div><\/li><\/ul><\/div>\n        <div class='gform-footer gform_footer top_label'> <input type='submit' id='gform_submit_button_46' class='gform_button button' onclick='gform.submission.handleButtonClick(this);' data-submission-type='submit' value='Nos\u016bt\u012bt rezerv\u0101cijas pieteikumu'  \/> <input type='hidden' name='gform_ajax' value='form_id=46&amp;title=&amp;description=&amp;tabindex=0&amp;theme=legacy&amp;styles=[]&amp;hash=72ec381543421255d2d231059cd1f56b' \/>\n            <input type='hidden' class='gform_hidden' name='gform_submission_method' data-js='gform_submission_method_46' value='iframe' \/>\n            <input type='hidden' class='gform_hidden' name='gform_theme' data-js='gform_theme_46' id='gform_theme_46' value='legacy' \/>\n            <input type='hidden' class='gform_hidden' name='gform_style_settings' data-js='gform_style_settings_46' id='gform_style_settings_46' value='[]' \/>\n            <input type='hidden' class='gform_hidden' name='is_submit_46' value='1' \/>\n            <input type='hidden' class='gform_hidden' name='gform_submit' value='46' \/>\n            \n            <input type='hidden' class='gform_hidden' name='gform_unique_id' value='' \/>\n            <input type='hidden' class='gform_hidden' name='state_46' value='WyJbXSIsIjI0YmQzZTNjZmNkOTg1NDdlOWVhMmFjNzNmMzNjYTFkIl0=' \/>\n            <input type='hidden' autocomplete='off' class='gform_hidden' name='gform_target_page_number_46' id='gform_target_page_number_46' value='0' \/>\n            <input type='hidden' autocomplete='off' class='gform_hidden' name='gform_source_page_number_46' id='gform_source_page_number_46' value='1' \/>\n            <input type='hidden' name='gform_field_values' value='' \/>\n            \n        <\/div>\n                        <\/form>\n                        <\/div>\n\t\t                <iframe style='display:none;width:0px;height:0px;' src='about:blank' name='gform_ajax_frame_46' id='gform_ajax_frame_46' title='This iframe contains the logic required to handle Ajax powered Gravity Forms.'><\/iframe>\n\t\t                <script type=\"text\/javascript\">\n\/* <![CDATA[ *\/\n gform.initializeOnLoaded( function() {gformInitSpinner( 46, 'https:\/\/grandrose.ee\/wp-content\/plugins\/gravityforms\/images\/spinner.svg', true );jQuery('#gform_ajax_frame_46').on('load',function(){var contents = jQuery(this).contents().find('*').html();var is_postback = contents.indexOf('GF_AJAX_POSTBACK') >= 0;if(!is_postback){return;}var form_content = jQuery(this).contents().find('#gform_wrapper_46');var is_confirmation = jQuery(this).contents().find('#gform_confirmation_wrapper_46').length > 0;var is_redirect = contents.indexOf('gformRedirect(){') >= 0;var is_form = form_content.length > 0 && ! is_redirect && ! is_confirmation;var mt = parseInt(jQuery('html').css('margin-top'), 10) + parseInt(jQuery('body').css('margin-top'), 10) + 100;if(is_form){jQuery('#gform_wrapper_46').html(form_content.html());if(form_content.hasClass('gform_validation_error')){jQuery('#gform_wrapper_46').addClass('gform_validation_error');} else {jQuery('#gform_wrapper_46').removeClass('gform_validation_error');}setTimeout( function() { \/* delay the scroll by 50 milliseconds to fix a bug in chrome *\/ jQuery(document).scrollTop(jQuery('#gform_wrapper_46').offset().top - mt); }, 50 );if(window['gformInitDatepicker']) {gformInitDatepicker();}if(window['gformInitPriceFields']) {gformInitPriceFields();}var current_page = jQuery('#gform_source_page_number_46').val();gformInitSpinner( 46, 'https:\/\/grandrose.ee\/wp-content\/plugins\/gravityforms\/images\/spinner.svg', true );jQuery(document).trigger('gform_page_loaded', [46, current_page]);window['gf_submitting_46'] = false;}else if(!is_redirect){var confirmation_content = jQuery(this).contents().find('.GF_AJAX_POSTBACK').html();if(!confirmation_content){confirmation_content = contents;}jQuery('#gform_wrapper_46').replaceWith(confirmation_content);jQuery(document).scrollTop(jQuery('#gf_46').offset().top - mt);jQuery(document).trigger('gform_confirmation_loaded', [46]);window['gf_submitting_46'] = false;wp.a11y.speak(jQuery('#gform_confirmation_message_46').text());}else{jQuery('#gform_46').append(contents);if(window['gformRedirect']) {gformRedirect();}}jQuery(document).trigger(\"gform_pre_post_render\", [{ formId: \"46\", currentPage: \"current_page\", abort: function() { this.preventDefault(); } }]);                if (event && event.defaultPrevented) {                return;         }        const gformWrapperDiv = document.getElementById( \"gform_wrapper_46\" );        if ( gformWrapperDiv ) {            const visibilitySpan = document.createElement( \"span\" );            visibilitySpan.id = \"gform_visibility_test_46\";            gformWrapperDiv.insertAdjacentElement( \"afterend\", visibilitySpan );        }        const visibilityTestDiv = document.getElementById( \"gform_visibility_test_46\" );        let postRenderFired = false;                function triggerPostRender() {            if ( postRenderFired ) {                return;            }            postRenderFired = true;            gform.core.triggerPostRenderEvents( 46, current_page );            if ( visibilityTestDiv ) {                visibilityTestDiv.parentNode.removeChild( visibilityTestDiv );            }        }        function debounce( func, wait, immediate ) {            var timeout;            return function() {                var context = this, args = arguments;                var later = function() {                    timeout = null;                    if ( !immediate ) func.apply( context, args );                };                var callNow = immediate && !timeout;                clearTimeout( timeout );                timeout = setTimeout( later, wait );                if ( callNow ) func.apply( context, args );            };        }        const debouncedTriggerPostRender = debounce( function() {            triggerPostRender();        }, 200 );        if ( visibilityTestDiv && visibilityTestDiv.offsetParent === null ) {            const observer = new MutationObserver( ( mutations ) => {                mutations.forEach( ( mutation ) => {                    if ( mutation.type === 'attributes' && visibilityTestDiv.offsetParent !== null ) {                        debouncedTriggerPostRender();                        observer.disconnect();                    }                });            });            observer.observe( document.body, {                attributes: true,                childList: false,                subtree: true,                attributeFilter: [ 'style', 'class' ],            });        } else {            triggerPostRender();        }    } );} ); \n\/* ]]> *\/\n<\/script>\n\n","protected":false},"excerpt":{"rendered":"","protected":false},"author":2,"featured_media":12728,"parent":5160,"menu_order":0,"comment_status":"open","ping_status":"closed","template":"","meta":{"_acf_changed":false,"footnotes":""},"class_list":["post-5365","page","type-page","status-publish","has-post-thumbnail","hentry"],"acf":[],"yoast_head":"<!-- This site is optimized with the Yoast SEO plugin v25.0 - https:\/\/yoast.com\/wordpress\/plugins\/seo\/ -->\n<title>Rezerv\u0113t galdi\u0146u | Grand Rose SPA Hotel Saaremaa, Estonia<\/title>\n<meta name=\"robots\" content=\"index, follow, max-snippet:-1, max-image-preview:large, max-video-preview:-1\" \/>\n<link rel=\"canonical\" href=\"https:\/\/grandrose.ee\/lv\/restorans\/rezervet-galdinu\/\" \/>\n<meta property=\"og:locale\" content=\"lv_LV\" \/>\n<meta property=\"og:type\" content=\"article\" \/>\n<meta property=\"og:title\" content=\"Rezerv\u0113t galdi\u0146u | Grand Rose SPA Hotel Saaremaa, Estonia\" \/>\n<meta property=\"og:url\" content=\"https:\/\/grandrose.ee\/lv\/restorans\/rezervet-galdinu\/\" \/>\n<meta property=\"og:site_name\" content=\"Grand Rose SPA Hotel Saaremaa, Estonia\" \/>\n<meta property=\"article:modified_time\" content=\"2018-01-08T14:55:37+00:00\" \/>\n<meta property=\"og:image\" content=\"https:\/\/grandrose.ee\/wp-content\/uploads\/2015\/05\/Broneeri-laud-Saaremaa-restoranis-Rose-2.jpg\" \/>\n\t<meta property=\"og:image:width\" content=\"1400\" \/>\n\t<meta property=\"og:image:height\" content=\"900\" \/>\n\t<meta property=\"og:image:type\" content=\"image\/jpeg\" \/>\n<meta name=\"twitter:card\" content=\"summary_large_image\" \/>\n<script type=\"application\/ld+json\" class=\"yoast-schema-graph\">{\"@context\":\"https:\/\/schema.org\",\"@graph\":[{\"@type\":\"WebPage\",\"@id\":\"https:\/\/grandrose.ee\/lv\/restorans\/rezervet-galdinu\/\",\"url\":\"https:\/\/grandrose.ee\/lv\/restorans\/rezervet-galdinu\/\",\"name\":\"Rezerv\u0113t galdi\u0146u | Grand Rose SPA Hotel Saaremaa, Estonia\",\"isPartOf\":{\"@id\":\"https:\/\/grandrose.ee\/#website\"},\"primaryImageOfPage\":{\"@id\":\"https:\/\/grandrose.ee\/lv\/restorans\/rezervet-galdinu\/#primaryimage\"},\"image\":{\"@id\":\"https:\/\/grandrose.ee\/lv\/restorans\/rezervet-galdinu\/#primaryimage\"},\"thumbnailUrl\":\"https:\/\/grandrose.ee\/wp-content\/uploads\/2015\/05\/Broneeri-laud-Saaremaa-restoranis-Rose-2.jpg\",\"datePublished\":\"2015-05-11T06:24:14+00:00\",\"dateModified\":\"2018-01-08T14:55:37+00:00\",\"breadcrumb\":{\"@id\":\"https:\/\/grandrose.ee\/lv\/restorans\/rezervet-galdinu\/#breadcrumb\"},\"inLanguage\":\"lv-LV\",\"potentialAction\":[{\"@type\":\"ReadAction\",\"target\":[\"https:\/\/grandrose.ee\/lv\/restorans\/rezervet-galdinu\/\"]}]},{\"@type\":\"ImageObject\",\"inLanguage\":\"lv-LV\",\"@id\":\"https:\/\/grandrose.ee\/lv\/restorans\/rezervet-galdinu\/#primaryimage\",\"url\":\"https:\/\/grandrose.ee\/wp-content\/uploads\/2015\/05\/Broneeri-laud-Saaremaa-restoranis-Rose-2.jpg\",\"contentUrl\":\"https:\/\/grandrose.ee\/wp-content\/uploads\/2015\/05\/Broneeri-laud-Saaremaa-restoranis-Rose-2.jpg\",\"width\":1400,\"height\":900},{\"@type\":\"BreadcrumbList\",\"@id\":\"https:\/\/grandrose.ee\/lv\/restorans\/rezervet-galdinu\/#breadcrumb\",\"itemListElement\":[{\"@type\":\"ListItem\",\"position\":1,\"name\":\"Home\",\"item\":\"https:\/\/grandrose.ee\/lv\/\"},{\"@type\":\"ListItem\",\"position\":2,\"name\":\"Restor\u0101ns Rose\",\"item\":\"https:\/\/grandrose.ee\/lv\/restorans\/\"},{\"@type\":\"ListItem\",\"position\":3,\"name\":\"Rezerv\u0113t galdi\u0146u\"}]},{\"@type\":\"WebSite\",\"@id\":\"https:\/\/grandrose.ee\/#website\",\"url\":\"https:\/\/grandrose.ee\/\",\"name\":\"Grand Rose SPA Hotel Saaremaa, Estonia\",\"description\":\"\",\"potentialAction\":[{\"@type\":\"SearchAction\",\"target\":{\"@type\":\"EntryPoint\",\"urlTemplate\":\"https:\/\/grandrose.ee\/?s={search_term_string}\"},\"query-input\":{\"@type\":\"PropertyValueSpecification\",\"valueRequired\":true,\"valueName\":\"search_term_string\"}}],\"inLanguage\":\"lv-LV\"}]}<\/script>\n<!-- \/ Yoast SEO plugin. -->","yoast_head_json":{"title":"Rezerv\u0113t galdi\u0146u | Grand Rose SPA Hotel Saaremaa, Estonia","robots":{"index":"index","follow":"follow","max-snippet":"max-snippet:-1","max-image-preview":"max-image-preview:large","max-video-preview":"max-video-preview:-1"},"canonical":"https:\/\/grandrose.ee\/lv\/restorans\/rezervet-galdinu\/","og_locale":"lv_LV","og_type":"article","og_title":"Rezerv\u0113t galdi\u0146u | Grand Rose SPA Hotel Saaremaa, Estonia","og_url":"https:\/\/grandrose.ee\/lv\/restorans\/rezervet-galdinu\/","og_site_name":"Grand Rose SPA Hotel Saaremaa, Estonia","article_modified_time":"2018-01-08T14:55:37+00:00","og_image":[{"width":1400,"height":900,"url":"https:\/\/grandrose.ee\/wp-content\/uploads\/2015\/05\/Broneeri-laud-Saaremaa-restoranis-Rose-2.jpg","type":"image\/jpeg"}],"twitter_card":"summary_large_image","schema":{"@context":"https:\/\/schema.org","@graph":[{"@type":"WebPage","@id":"https:\/\/grandrose.ee\/lv\/restorans\/rezervet-galdinu\/","url":"https:\/\/grandrose.ee\/lv\/restorans\/rezervet-galdinu\/","name":"Rezerv\u0113t galdi\u0146u | Grand Rose SPA Hotel Saaremaa, Estonia","isPartOf":{"@id":"https:\/\/grandrose.ee\/#website"},"primaryImageOfPage":{"@id":"https:\/\/grandrose.ee\/lv\/restorans\/rezervet-galdinu\/#primaryimage"},"image":{"@id":"https:\/\/grandrose.ee\/lv\/restorans\/rezervet-galdinu\/#primaryimage"},"thumbnailUrl":"https:\/\/grandrose.ee\/wp-content\/uploads\/2015\/05\/Broneeri-laud-Saaremaa-restoranis-Rose-2.jpg","datePublished":"2015-05-11T06:24:14+00:00","dateModified":"2018-01-08T14:55:37+00:00","breadcrumb":{"@id":"https:\/\/grandrose.ee\/lv\/restorans\/rezervet-galdinu\/#breadcrumb"},"inLanguage":"lv-LV","potentialAction":[{"@type":"ReadAction","target":["https:\/\/grandrose.ee\/lv\/restorans\/rezervet-galdinu\/"]}]},{"@type":"ImageObject","inLanguage":"lv-LV","@id":"https:\/\/grandrose.ee\/lv\/restorans\/rezervet-galdinu\/#primaryimage","url":"https:\/\/grandrose.ee\/wp-content\/uploads\/2015\/05\/Broneeri-laud-Saaremaa-restoranis-Rose-2.jpg","contentUrl":"https:\/\/grandrose.ee\/wp-content\/uploads\/2015\/05\/Broneeri-laud-Saaremaa-restoranis-Rose-2.jpg","width":1400,"height":900},{"@type":"BreadcrumbList","@id":"https:\/\/grandrose.ee\/lv\/restorans\/rezervet-galdinu\/#breadcrumb","itemListElement":[{"@type":"ListItem","position":1,"name":"Home","item":"https:\/\/grandrose.ee\/lv\/"},{"@type":"ListItem","position":2,"name":"Restor\u0101ns Rose","item":"https:\/\/grandrose.ee\/lv\/restorans\/"},{"@type":"ListItem","position":3,"name":"Rezerv\u0113t galdi\u0146u"}]},{"@type":"WebSite","@id":"https:\/\/grandrose.ee\/#website","url":"https:\/\/grandrose.ee\/","name":"Grand Rose SPA Hotel Saaremaa, Estonia","description":"","potentialAction":[{"@type":"SearchAction","target":{"@type":"EntryPoint","urlTemplate":"https:\/\/grandrose.ee\/?s={search_term_string}"},"query-input":{"@type":"PropertyValueSpecification","valueRequired":true,"valueName":"search_term_string"}}],"inLanguage":"lv-LV"}]}},"_links":{"self":[{"href":"https:\/\/grandrose.ee\/lv\/wp-json\/wp\/v2\/pages\/5365","targetHints":{"allow":["GET"]}}],"collection":[{"href":"https:\/\/grandrose.ee\/lv\/wp-json\/wp\/v2\/pages"}],"about":[{"href":"https:\/\/grandrose.ee\/lv\/wp-json\/wp\/v2\/types\/page"}],"author":[{"embeddable":true,"href":"https:\/\/grandrose.ee\/lv\/wp-json\/wp\/v2\/users\/2"}],"replies":[{"embeddable":true,"href":"https:\/\/grandrose.ee\/lv\/wp-json\/wp\/v2\/comments?post=5365"}],"version-history":[{"count":3,"href":"https:\/\/grandrose.ee\/lv\/wp-json\/wp\/v2\/pages\/5365\/revisions"}],"predecessor-version":[{"id":5371,"href":"https:\/\/grandrose.ee\/lv\/wp-json\/wp\/v2\/pages\/5365\/revisions\/5371"}],"up":[{"embeddable":true,"href":"https:\/\/grandrose.ee\/lv\/wp-json\/wp\/v2\/pages\/5160"}],"wp:featuredmedia":[{"embeddable":true,"href":"https:\/\/grandrose.ee\/lv\/wp-json\/wp\/v2\/media\/12728"}],"wp:attachment":[{"href":"https:\/\/grandrose.ee\/lv\/wp-json\/wp\/v2\/media?parent=5365"}],"curies":[{"name":"wp","href":"https:\/\/api.w.org\/{rel}","templated":true}]}}