{"id":18667,"date":"2021-09-01T10:49:41","date_gmt":"2021-09-01T10:49:41","guid":{"rendered":"https:\/\/grandrose.ee\/skaistums-un-labsajuta\/special-offers-in-spa-and-beauty-salong\/"},"modified":"2026-03-04T06:54:44","modified_gmt":"2026-03-04T06:54:44","slug":"ipasie-piedavajumi","status":"publish","type":"page","link":"https:\/\/grandrose.ee\/lv\/skaistums-un-labsajuta\/ipasie-piedavajumi\/","title":{"rendered":"\u012apa\u0161i pied\u0101v\u0101jumi SPA"},"content":{"rendered":"","protected":false},"excerpt":{"rendered":"","protected":false},"author":6,"featured_media":18922,"parent":5230,"menu_order":0,"comment_status":"closed","ping_status":"closed","template":"","meta":{"_acf_changed":false,"footnotes":""},"class_list":["post-18667","page","type-page","status-publish","has-post-thumbnail","hentry"],"acf":[],"yoast_head":"<!-- This site is optimized with the Yoast SEO plugin v27.5 - https:\/\/yoast.com\/product\/yoast-seo-wordpress\/ -->\n<title>\u012apa\u0161i pied\u0101v\u0101jumi SPA | Grand Rose SPA Hotel Saaremaa, Estonia<\/title>\n<meta name=\"robots\" content=\"index, follow, max-snippet:-1, max-image-preview:large, max-video-preview:-1\" \/>\n<link rel=\"canonical\" href=\"https:\/\/grandrose.ee\/lv\/skaistums-un-labsajuta\/ipasie-piedavajumi\/\" \/>\n<meta property=\"og:locale\" content=\"lv_LV\" \/>\n<meta property=\"og:type\" content=\"article\" \/>\n<meta property=\"og:title\" content=\"\u012apa\u0161i pied\u0101v\u0101jumi SPA | Grand Rose SPA Hotel Saaremaa, Estonia\" \/>\n<meta property=\"og:url\" content=\"https:\/\/grandrose.ee\/lv\/skaistums-un-labsajuta\/ipasie-piedavajumi\/\" \/>\n<meta property=\"og:site_name\" content=\"Grand Rose SPA Hotel Saaremaa, Estonia\" \/>\n<meta property=\"article:modified_time\" content=\"2026-03-04T06:54:44+00:00\" \/>\n<meta property=\"og:image\" content=\"https:\/\/grandrose.ee\/wp-content\/uploads\/2021\/12\/Guinot_FEM_MIRIFIC_kehahooldus.jpeg\" \/>\n\t<meta property=\"og:image:width\" content=\"1920\" \/>\n\t<meta property=\"og:image:height\" content=\"1080\" \/>\n\t<meta property=\"og:image:type\" content=\"image\/jpeg\" \/>\n<meta name=\"twitter:card\" content=\"summary_large_image\" \/>\n<meta name=\"twitter:label1\" content=\"Est. reading time\" \/>\n\t<meta name=\"twitter:data1\" content=\"2 min\u016btes\" \/>\n<script type=\"application\/ld+json\" class=\"yoast-schema-graph\">{\"@context\":\"https:\\\/\\\/schema.org\",\"@graph\":[{\"@type\":\"WebPage\",\"@id\":\"https:\\\/\\\/grandrose.ee\\\/lv\\\/skaistums-un-labsajuta\\\/ipasie-piedavajumi\\\/\",\"url\":\"https:\\\/\\\/grandrose.ee\\\/lv\\\/skaistums-un-labsajuta\\\/ipasie-piedavajumi\\\/\",\"name\":\"\u012apa\u0161i pied\u0101v\u0101jumi SPA | Grand Rose SPA Hotel Saaremaa, Estonia\",\"isPartOf\":{\"@id\":\"https:\\\/\\\/grandrose.ee\\\/#website\"},\"primaryImageOfPage\":{\"@id\":\"https:\\\/\\\/grandrose.ee\\\/lv\\\/skaistums-un-labsajuta\\\/ipasie-piedavajumi\\\/#primaryimage\"},\"image\":{\"@id\":\"https:\\\/\\\/grandrose.ee\\\/lv\\\/skaistums-un-labsajuta\\\/ipasie-piedavajumi\\\/#primaryimage\"},\"thumbnailUrl\":\"https:\\\/\\\/grandrose.ee\\\/wp-content\\\/uploads\\\/2021\\\/12\\\/Guinot_FEM_MIRIFIC_kehahooldus.jpeg\",\"datePublished\":\"2021-09-01T10:49:41+00:00\",\"dateModified\":\"2026-03-04T06:54:44+00:00\",\"breadcrumb\":{\"@id\":\"https:\\\/\\\/grandrose.ee\\\/lv\\\/skaistums-un-labsajuta\\\/ipasie-piedavajumi\\\/#breadcrumb\"},\"inLanguage\":\"lv-LV\",\"potentialAction\":[{\"@type\":\"ReadAction\",\"target\":[\"https:\\\/\\\/grandrose.ee\\\/lv\\\/skaistums-un-labsajuta\\\/ipasie-piedavajumi\\\/\"]}]},{\"@type\":\"ImageObject\",\"inLanguage\":\"lv-LV\",\"@id\":\"https:\\\/\\\/grandrose.ee\\\/lv\\\/skaistums-un-labsajuta\\\/ipasie-piedavajumi\\\/#primaryimage\",\"url\":\"https:\\\/\\\/grandrose.ee\\\/wp-content\\\/uploads\\\/2021\\\/12\\\/Guinot_FEM_MIRIFIC_kehahooldus.jpeg\",\"contentUrl\":\"https:\\\/\\\/grandrose.ee\\\/wp-content\\\/uploads\\\/2021\\\/12\\\/Guinot_FEM_MIRIFIC_kehahooldus.jpeg\",\"width\":1920,\"height\":1080},{\"@type\":\"BreadcrumbList\",\"@id\":\"https:\\\/\\\/grandrose.ee\\\/lv\\\/skaistums-un-labsajuta\\\/ipasie-piedavajumi\\\/#breadcrumb\",\"itemListElement\":[{\"@type\":\"ListItem\",\"position\":1,\"name\":\"Home\",\"item\":\"https:\\\/\\\/grandrose.ee\\\/lv\\\/\"},{\"@type\":\"ListItem\",\"position\":2,\"name\":\"Skaistums un labsaj\u016bta\",\"item\":\"https:\\\/\\\/grandrose.ee\\\/lv\\\/skaistums-un-labsajuta\\\/\"},{\"@type\":\"ListItem\",\"position\":3,\"name\":\"\u012apa\u0161i pied\u0101v\u0101jumi SPA\"}]},{\"@type\":\"WebSite\",\"@id\":\"https:\\\/\\\/grandrose.ee\\\/#website\",\"url\":\"https:\\\/\\\/grandrose.ee\\\/\",\"name\":\"Grand Rose SPA Hotel Saaremaa, Estonia\",\"description\":\"\",\"potentialAction\":[{\"@type\":\"SearchAction\",\"target\":{\"@type\":\"EntryPoint\",\"urlTemplate\":\"https:\\\/\\\/grandrose.ee\\\/?s={search_term_string}\"},\"query-input\":{\"@type\":\"PropertyValueSpecification\",\"valueRequired\":true,\"valueName\":\"search_term_string\"}}],\"inLanguage\":\"lv-LV\"}]}<\/script>\n<!-- \/ Yoast SEO plugin. -->","yoast_head_json":{"title":"\u012apa\u0161i pied\u0101v\u0101jumi SPA | Grand Rose SPA Hotel Saaremaa, Estonia","robots":{"index":"index","follow":"follow","max-snippet":"max-snippet:-1","max-image-preview":"max-image-preview:large","max-video-preview":"max-video-preview:-1"},"canonical":"https:\/\/grandrose.ee\/lv\/skaistums-un-labsajuta\/ipasie-piedavajumi\/","og_locale":"lv_LV","og_type":"article","og_title":"\u012apa\u0161i pied\u0101v\u0101jumi SPA | Grand Rose SPA Hotel Saaremaa, Estonia","og_url":"https:\/\/grandrose.ee\/lv\/skaistums-un-labsajuta\/ipasie-piedavajumi\/","og_site_name":"Grand Rose SPA Hotel Saaremaa, Estonia","article_modified_time":"2026-03-04T06:54:44+00:00","og_image":[{"width":1920,"height":1080,"url":"https:\/\/grandrose.ee\/wp-content\/uploads\/2021\/12\/Guinot_FEM_MIRIFIC_kehahooldus.jpeg","type":"image\/jpeg"}],"twitter_card":"summary_large_image","twitter_misc":{"Est. reading time":"2 min\u016btes"},"schema":{"@context":"https:\/\/schema.org","@graph":[{"@type":"WebPage","@id":"https:\/\/grandrose.ee\/lv\/skaistums-un-labsajuta\/ipasie-piedavajumi\/","url":"https:\/\/grandrose.ee\/lv\/skaistums-un-labsajuta\/ipasie-piedavajumi\/","name":"\u012apa\u0161i pied\u0101v\u0101jumi SPA | Grand Rose SPA Hotel Saaremaa, Estonia","isPartOf":{"@id":"https:\/\/grandrose.ee\/#website"},"primaryImageOfPage":{"@id":"https:\/\/grandrose.ee\/lv\/skaistums-un-labsajuta\/ipasie-piedavajumi\/#primaryimage"},"image":{"@id":"https:\/\/grandrose.ee\/lv\/skaistums-un-labsajuta\/ipasie-piedavajumi\/#primaryimage"},"thumbnailUrl":"https:\/\/grandrose.ee\/wp-content\/uploads\/2021\/12\/Guinot_FEM_MIRIFIC_kehahooldus.jpeg","datePublished":"2021-09-01T10:49:41+00:00","dateModified":"2026-03-04T06:54:44+00:00","breadcrumb":{"@id":"https:\/\/grandrose.ee\/lv\/skaistums-un-labsajuta\/ipasie-piedavajumi\/#breadcrumb"},"inLanguage":"lv-LV","potentialAction":[{"@type":"ReadAction","target":["https:\/\/grandrose.ee\/lv\/skaistums-un-labsajuta\/ipasie-piedavajumi\/"]}]},{"@type":"ImageObject","inLanguage":"lv-LV","@id":"https:\/\/grandrose.ee\/lv\/skaistums-un-labsajuta\/ipasie-piedavajumi\/#primaryimage","url":"https:\/\/grandrose.ee\/wp-content\/uploads\/2021\/12\/Guinot_FEM_MIRIFIC_kehahooldus.jpeg","contentUrl":"https:\/\/grandrose.ee\/wp-content\/uploads\/2021\/12\/Guinot_FEM_MIRIFIC_kehahooldus.jpeg","width":1920,"height":1080},{"@type":"BreadcrumbList","@id":"https:\/\/grandrose.ee\/lv\/skaistums-un-labsajuta\/ipasie-piedavajumi\/#breadcrumb","itemListElement":[{"@type":"ListItem","position":1,"name":"Home","item":"https:\/\/grandrose.ee\/lv\/"},{"@type":"ListItem","position":2,"name":"Skaistums un labsaj\u016bta","item":"https:\/\/grandrose.ee\/lv\/skaistums-un-labsajuta\/"},{"@type":"ListItem","position":3,"name":"\u012apa\u0161i pied\u0101v\u0101jumi SPA"}]},{"@type":"WebSite","@id":"https:\/\/grandrose.ee\/#website","url":"https:\/\/grandrose.ee\/","name":"Grand Rose SPA Hotel Saaremaa, Estonia","description":"","potentialAction":[{"@type":"SearchAction","target":{"@type":"EntryPoint","urlTemplate":"https:\/\/grandrose.ee\/?s={search_term_string}"},"query-input":{"@type":"PropertyValueSpecification","valueRequired":true,"valueName":"search_term_string"}}],"inLanguage":"lv-LV"}]}},"_links":{"self":[{"href":"https:\/\/grandrose.ee\/lv\/wp-json\/wp\/v2\/pages\/18667","targetHints":{"allow":["GET"]}}],"collection":[{"href":"https:\/\/grandrose.ee\/lv\/wp-json\/wp\/v2\/pages"}],"about":[{"href":"https:\/\/grandrose.ee\/lv\/wp-json\/wp\/v2\/types\/page"}],"author":[{"embeddable":true,"href":"https:\/\/grandrose.ee\/lv\/wp-json\/wp\/v2\/users\/6"}],"replies":[{"embeddable":true,"href":"https:\/\/grandrose.ee\/lv\/wp-json\/wp\/v2\/comments?post=18667"}],"version-history":[{"count":3,"href":"https:\/\/grandrose.ee\/lv\/wp-json\/wp\/v2\/pages\/18667\/revisions"}],"predecessor-version":[{"id":22756,"href":"https:\/\/grandrose.ee\/lv\/wp-json\/wp\/v2\/pages\/18667\/revisions\/22756"}],"up":[{"embeddable":true,"href":"https:\/\/grandrose.ee\/lv\/wp-json\/wp\/v2\/pages\/5230"}],"wp:featuredmedia":[{"embeddable":true,"href":"https:\/\/grandrose.ee\/lv\/wp-json\/wp\/v2\/media\/18922"}],"wp:attachment":[{"href":"https:\/\/grandrose.ee\/lv\/wp-json\/wp\/v2\/media?parent=18667"}],"curies":[{"name":"wp","href":"https:\/\/api.w.org\/{rel}","templated":true}]}}