{"id":3884,"date":"2015-06-18T11:52:33","date_gmt":"2015-06-18T11:52:33","guid":{"rendered":"http:\/\/grandrose.ee\/?page_id=3884"},"modified":"2025-09-02T12:50:31","modified_gmt":"2025-09-02T12:50:31","slug":"saunarituaalit","status":"publish","type":"page","link":"https:\/\/grandrose.ee\/fi\/spa-ja-saunakeskus\/saunarituaalit\/","title":{"rendered":"Saunarituaalit"},"content":{"rendered":"","protected":false},"excerpt":{"rendered":"","protected":false},"author":3,"featured_media":21552,"parent":3879,"menu_order":0,"comment_status":"open","ping_status":"open","template":"","meta":{"_acf_changed":false,"footnotes":""},"class_list":["post-3884","page","type-page","status-publish","has-post-thumbnail","hentry"],"acf":[],"yoast_head":"<!-- This site is optimized with the Yoast SEO plugin v27.5 - https:\/\/yoast.com\/product\/yoast-seo-wordpress\/ -->\n<title>Saunarituaalit | Grand Rose SPA Hotelli Saaremaa, Viro<\/title>\n<meta name=\"description\" content=\"Tarjoamme teille poikkeuksellisen el\u00e4myksen kuumuuden, j\u00e4\u00e4n ja aromien maailmassa.\" \/>\n<meta name=\"robots\" content=\"index, follow, max-snippet:-1, max-image-preview:large, max-video-preview:-1\" \/>\n<link rel=\"canonical\" href=\"https:\/\/grandrose.ee\/fi\/spa-ja-saunakeskus\/saunarituaalit\/\" \/>\n<meta property=\"og:locale\" content=\"fi_FI\" \/>\n<meta property=\"og:type\" content=\"article\" \/>\n<meta property=\"og:title\" content=\"Saunarituaalit | Grand Rose SPA Hotelli Saaremaa, Viro\" \/>\n<meta property=\"og:description\" content=\"Tarjoamme teille poikkeuksellisen el\u00e4myksen kuumuuden, j\u00e4\u00e4n ja aromien maailmassa.\" \/>\n<meta property=\"og:url\" content=\"https:\/\/grandrose.ee\/fi\/spa-ja-saunakeskus\/saunarituaalit\/\" \/>\n<meta property=\"og:site_name\" content=\"Grand Rose SPA Hotelli Saaremaa, Viro\" \/>\n<meta property=\"article:modified_time\" content=\"2025-09-02T12:50:31+00:00\" \/>\n<meta property=\"og:image\" content=\"https:\/\/grandrose.ee\/wp-content\/uploads\/2024\/04\/Grand-Rose-SPA-saunakeskus-mudarituaal.jpg\" \/>\n\t<meta property=\"og:image:width\" content=\"900\" \/>\n\t<meta property=\"og:image:height\" content=\"600\" \/>\n\t<meta property=\"og:image:type\" content=\"image\/jpeg\" \/>\n<meta name=\"twitter:card\" content=\"summary_large_image\" \/>\n<meta name=\"twitter:label1\" content=\"Arvioitu lukuaika\" \/>\n\t<meta name=\"twitter:data1\" content=\"2 minuuttia\" \/>\n<script type=\"application\/ld+json\" class=\"yoast-schema-graph\">{\"@context\":\"https:\\\/\\\/schema.org\",\"@graph\":[{\"@type\":\"WebPage\",\"@id\":\"https:\\\/\\\/grandrose.ee\\\/fi\\\/spa-ja-saunakeskus\\\/saunarituaalit\\\/\",\"url\":\"https:\\\/\\\/grandrose.ee\\\/fi\\\/spa-ja-saunakeskus\\\/saunarituaalit\\\/\",\"name\":\"Saunarituaalit | Grand Rose SPA Hotelli Saaremaa, Viro\",\"isPartOf\":{\"@id\":\"https:\\\/\\\/grandrose.ee\\\/#website\"},\"primaryImageOfPage\":{\"@id\":\"https:\\\/\\\/grandrose.ee\\\/fi\\\/spa-ja-saunakeskus\\\/saunarituaalit\\\/#primaryimage\"},\"image\":{\"@id\":\"https:\\\/\\\/grandrose.ee\\\/fi\\\/spa-ja-saunakeskus\\\/saunarituaalit\\\/#primaryimage\"},\"thumbnailUrl\":\"https:\\\/\\\/grandrose.ee\\\/wp-content\\\/uploads\\\/2024\\\/04\\\/Grand-Rose-SPA-saunakeskus-mudarituaal.jpg\",\"datePublished\":\"2015-06-18T11:52:33+00:00\",\"dateModified\":\"2025-09-02T12:50:31+00:00\",\"description\":\"Tarjoamme teille poikkeuksellisen el\u00e4myksen kuumuuden, j\u00e4\u00e4n ja aromien maailmassa.\",\"breadcrumb\":{\"@id\":\"https:\\\/\\\/grandrose.ee\\\/fi\\\/spa-ja-saunakeskus\\\/saunarituaalit\\\/#breadcrumb\"},\"inLanguage\":\"fi\",\"potentialAction\":[{\"@type\":\"ReadAction\",\"target\":[\"https:\\\/\\\/grandrose.ee\\\/fi\\\/spa-ja-saunakeskus\\\/saunarituaalit\\\/\"]}]},{\"@type\":\"ImageObject\",\"inLanguage\":\"fi\",\"@id\":\"https:\\\/\\\/grandrose.ee\\\/fi\\\/spa-ja-saunakeskus\\\/saunarituaalit\\\/#primaryimage\",\"url\":\"https:\\\/\\\/grandrose.ee\\\/wp-content\\\/uploads\\\/2024\\\/04\\\/Grand-Rose-SPA-saunakeskus-mudarituaal.jpg\",\"contentUrl\":\"https:\\\/\\\/grandrose.ee\\\/wp-content\\\/uploads\\\/2024\\\/04\\\/Grand-Rose-SPA-saunakeskus-mudarituaal.jpg\",\"width\":900,\"height\":600},{\"@type\":\"BreadcrumbList\",\"@id\":\"https:\\\/\\\/grandrose.ee\\\/fi\\\/spa-ja-saunakeskus\\\/saunarituaalit\\\/#breadcrumb\",\"itemListElement\":[{\"@type\":\"ListItem\",\"position\":1,\"name\":\"Home\",\"item\":\"https:\\\/\\\/grandrose.ee\\\/fi\\\/\"},{\"@type\":\"ListItem\",\"position\":2,\"name\":\"Spa ja saunakeskus\",\"item\":\"https:\\\/\\\/grandrose.ee\\\/fi\\\/spa-ja-saunakeskus\\\/\"},{\"@type\":\"ListItem\",\"position\":3,\"name\":\"Saunarituaalit\"}]},{\"@type\":\"WebSite\",\"@id\":\"https:\\\/\\\/grandrose.ee\\\/#website\",\"url\":\"https:\\\/\\\/grandrose.ee\\\/\",\"name\":\"Grand Rose SPA Hotelli Saaremaa, Viro\",\"description\":\"\",\"potentialAction\":[{\"@type\":\"SearchAction\",\"target\":{\"@type\":\"EntryPoint\",\"urlTemplate\":\"https:\\\/\\\/grandrose.ee\\\/?s={search_term_string}\"},\"query-input\":{\"@type\":\"PropertyValueSpecification\",\"valueRequired\":true,\"valueName\":\"search_term_string\"}}],\"inLanguage\":\"fi\"}]}<\/script>\n<!-- \/ Yoast SEO plugin. -->","yoast_head_json":{"title":"Saunarituaalit | Grand Rose SPA Hotelli Saaremaa, Viro","description":"Tarjoamme teille poikkeuksellisen el\u00e4myksen kuumuuden, j\u00e4\u00e4n ja aromien maailmassa.","robots":{"index":"index","follow":"follow","max-snippet":"max-snippet:-1","max-image-preview":"max-image-preview:large","max-video-preview":"max-video-preview:-1"},"canonical":"https:\/\/grandrose.ee\/fi\/spa-ja-saunakeskus\/saunarituaalit\/","og_locale":"fi_FI","og_type":"article","og_title":"Saunarituaalit | Grand Rose SPA Hotelli Saaremaa, Viro","og_description":"Tarjoamme teille poikkeuksellisen el\u00e4myksen kuumuuden, j\u00e4\u00e4n ja aromien maailmassa.","og_url":"https:\/\/grandrose.ee\/fi\/spa-ja-saunakeskus\/saunarituaalit\/","og_site_name":"Grand Rose SPA Hotelli Saaremaa, Viro","article_modified_time":"2025-09-02T12:50:31+00:00","og_image":[{"width":900,"height":600,"url":"https:\/\/grandrose.ee\/wp-content\/uploads\/2024\/04\/Grand-Rose-SPA-saunakeskus-mudarituaal.jpg","type":"image\/jpeg"}],"twitter_card":"summary_large_image","twitter_misc":{"Arvioitu lukuaika":"2 minuuttia"},"schema":{"@context":"https:\/\/schema.org","@graph":[{"@type":"WebPage","@id":"https:\/\/grandrose.ee\/fi\/spa-ja-saunakeskus\/saunarituaalit\/","url":"https:\/\/grandrose.ee\/fi\/spa-ja-saunakeskus\/saunarituaalit\/","name":"Saunarituaalit | Grand Rose SPA Hotelli Saaremaa, Viro","isPartOf":{"@id":"https:\/\/grandrose.ee\/#website"},"primaryImageOfPage":{"@id":"https:\/\/grandrose.ee\/fi\/spa-ja-saunakeskus\/saunarituaalit\/#primaryimage"},"image":{"@id":"https:\/\/grandrose.ee\/fi\/spa-ja-saunakeskus\/saunarituaalit\/#primaryimage"},"thumbnailUrl":"https:\/\/grandrose.ee\/wp-content\/uploads\/2024\/04\/Grand-Rose-SPA-saunakeskus-mudarituaal.jpg","datePublished":"2015-06-18T11:52:33+00:00","dateModified":"2025-09-02T12:50:31+00:00","description":"Tarjoamme teille poikkeuksellisen el\u00e4myksen kuumuuden, j\u00e4\u00e4n ja aromien maailmassa.","breadcrumb":{"@id":"https:\/\/grandrose.ee\/fi\/spa-ja-saunakeskus\/saunarituaalit\/#breadcrumb"},"inLanguage":"fi","potentialAction":[{"@type":"ReadAction","target":["https:\/\/grandrose.ee\/fi\/spa-ja-saunakeskus\/saunarituaalit\/"]}]},{"@type":"ImageObject","inLanguage":"fi","@id":"https:\/\/grandrose.ee\/fi\/spa-ja-saunakeskus\/saunarituaalit\/#primaryimage","url":"https:\/\/grandrose.ee\/wp-content\/uploads\/2024\/04\/Grand-Rose-SPA-saunakeskus-mudarituaal.jpg","contentUrl":"https:\/\/grandrose.ee\/wp-content\/uploads\/2024\/04\/Grand-Rose-SPA-saunakeskus-mudarituaal.jpg","width":900,"height":600},{"@type":"BreadcrumbList","@id":"https:\/\/grandrose.ee\/fi\/spa-ja-saunakeskus\/saunarituaalit\/#breadcrumb","itemListElement":[{"@type":"ListItem","position":1,"name":"Home","item":"https:\/\/grandrose.ee\/fi\/"},{"@type":"ListItem","position":2,"name":"Spa ja saunakeskus","item":"https:\/\/grandrose.ee\/fi\/spa-ja-saunakeskus\/"},{"@type":"ListItem","position":3,"name":"Saunarituaalit"}]},{"@type":"WebSite","@id":"https:\/\/grandrose.ee\/#website","url":"https:\/\/grandrose.ee\/","name":"Grand Rose SPA Hotelli Saaremaa, Viro","description":"","potentialAction":[{"@type":"SearchAction","target":{"@type":"EntryPoint","urlTemplate":"https:\/\/grandrose.ee\/?s={search_term_string}"},"query-input":{"@type":"PropertyValueSpecification","valueRequired":true,"valueName":"search_term_string"}}],"inLanguage":"fi"}]}},"_links":{"self":[{"href":"https:\/\/grandrose.ee\/fi\/wp-json\/wp\/v2\/pages\/3884","targetHints":{"allow":["GET"]}}],"collection":[{"href":"https:\/\/grandrose.ee\/fi\/wp-json\/wp\/v2\/pages"}],"about":[{"href":"https:\/\/grandrose.ee\/fi\/wp-json\/wp\/v2\/types\/page"}],"author":[{"embeddable":true,"href":"https:\/\/grandrose.ee\/fi\/wp-json\/wp\/v2\/users\/3"}],"replies":[{"embeddable":true,"href":"https:\/\/grandrose.ee\/fi\/wp-json\/wp\/v2\/comments?post=3884"}],"version-history":[{"count":3,"href":"https:\/\/grandrose.ee\/fi\/wp-json\/wp\/v2\/pages\/3884\/revisions"}],"predecessor-version":[{"id":21931,"href":"https:\/\/grandrose.ee\/fi\/wp-json\/wp\/v2\/pages\/3884\/revisions\/21931"}],"up":[{"embeddable":true,"href":"https:\/\/grandrose.ee\/fi\/wp-json\/wp\/v2\/pages\/3879"}],"wp:featuredmedia":[{"embeddable":true,"href":"https:\/\/grandrose.ee\/fi\/wp-json\/wp\/v2\/media\/21552"}],"wp:attachment":[{"href":"https:\/\/grandrose.ee\/fi\/wp-json\/wp\/v2\/media?parent=3884"}],"curies":[{"name":"wp","href":"https:\/\/api.w.org\/{rel}","templated":true}]}}